{"id":1622,"date":"2023-03-06T10:57:04","date_gmt":"2023-03-06T10:57:04","guid":{"rendered":"https:\/\/fisiobarna.com\/?page_id=1622"},"modified":"2025-04-23T14:12:33","modified_gmt":"2025-04-23T14:12:33","slug":"politica-de-privacidad","status":"publish","type":"page","link":"https:\/\/fisiobarna.com\/ca\/politica-de-privacidad\/","title":{"rendered":"Pol\u00edtica de Privacidad y Protecci\u00f3n de Datos"},"content":{"rendered":"<div data-elementor-type=\"wp-page\" data-elementor-id=\"1622\" class=\"elementor elementor-1622\" data-elementor-post-type=\"page\">\n\t\t\t\t\t\t<section class=\"elementor-section elementor-top-section elementor-element elementor-element-602eac4 elementor-section-height-min-height elementor-section-boxed elementor-section-height-default elementor-section-items-middle\" data-id=\"602eac4\" data-element_type=\"section\" data-e-type=\"section\">\n\t\t\t\t\t\t<div class=\"elementor-container elementor-column-gap-default\">\n\t\t\t\t\t<div class=\"elementor-column elementor-col-100 elementor-top-column elementor-element elementor-element-e78c2c1\" data-id=\"e78c2c1\" data-element_type=\"column\" data-e-type=\"column\">\n\t\t\t<div class=\"elementor-widget-wrap elementor-element-populated\">\n\t\t\t\t\t\t<div class=\"elementor-element elementor-element-5ad172c elementor-widget elementor-widget-heading\" data-id=\"5ad172c\" data-element_type=\"widget\" data-e-type=\"widget\" data-widget_type=\"heading.default\">\n\t\t\t\t<div class=\"elementor-widget-container\">\n\t\t\t\t\t<h2 class=\"elementor-heading-title elementor-size-default\">Pol\u00edtica de Privacidad y Protecci\u00f3n de Datos<\/h2>\t\t\t\t<\/div>\n\t\t\t\t<\/div>\n\t\t\t\t<div class=\"elementor-element elementor-element-6876843 elementor-widget elementor-widget-text-editor\" data-id=\"6876843\" data-element_type=\"widget\" data-e-type=\"widget\" data-widget_type=\"text-editor.default\">\n\t\t\t\t<div class=\"elementor-widget-container\">\n\t\t\t\t\t\t\t\t\t<p>Nos complace tu visita al sitio web de FISIOBARNA\u00a0y el inter\u00e9s mostrado por nuestro centro y nuestros servicios. Respetamos tu privacidad y nos tomamos muy en serio la protecci\u00f3n de tus datos personales. Por eso queremos que tu visita a nuestro sitio web se base en la confianza mutua.<\/p><p>El cumplimiento de las disposiciones sobre protecci\u00f3n de datos personales y seguridad de datos es una condici\u00f3n esencial para nosotros. Nuestros colaboradores y personas designadas est\u00e1n obligadas a cumplir con las disposiciones sobre protecci\u00f3n de datos establecidas por la ley.<\/p><p>El marco normativo europeo sobre protecci\u00f3n de datos consiste, en particular, en el reglamento general europeo de protecci\u00f3n de datos (EU-RGPD) y la nueva ley federal sobre la protecci\u00f3n de datos personales (BDSG) as\u00ed como de otras leyes de protecci\u00f3n de datos aplicables en los Estados miembro de la Uni\u00f3n Europea. En las siguientes secciones, te informaremos de manera completa y transparente sobre los m\u00e9todos, el alcance y el prop\u00f3sito del procesamiento de datos personales en nuestra plataforma en l\u00ednea y en los sitios web vinculados a ella. Adem\u00e1s, con esta Pol\u00edtica de privacidad pretendemos informarte sobre tus derechos.<\/p><h3>Entidad responsable<\/h3><p>La entidad responsable de la recopilaci\u00f3n, el procesamiento y el uso de los datos personales en el sentido del RGPD, de otras leyes de protecci\u00f3n de datos aplicables en los Estados miembro de la Uni\u00f3n Europea y de otras disposiciones de car\u00e1cter de protecci\u00f3n de datos es:<\/p><p>FisioBarna<\/p><p>Titular: Liz Rengel<\/p><p>Domicilio: C\/Proven\u00e7a 115, 08029 Barcelona<\/p><p>Tel\u00e9fono.: + 34 931 561 326<\/p><p>E-mail<span style=\"color: #51b0d4;\">:\u00a0<a style=\"color: #51b0d4;\" href=\"mailto:info@fisiobarna.com\">info@fisiobarna.com<\/a><\/span><\/p><p><span style=\"color: #51b0d4;\">Website:\u00a0<a style=\"color: #51b0d4;\" href=\"https:\/\/fisiobarna.com\/ca\/\">www.fisiobarna.com<\/a><\/span><\/p><p>C.I.F: 54860135-Y<\/p><h2>Registro de datos de acceso e informaci\u00f3n general<\/h2><p>Con cada visita a nuestro sitio web, el navegador utilizado en su dispositivo env\u00eda autom\u00e1ticamente una serie de datos e informaci\u00f3n de acceso general al servidor de nuestro sitio web \/ aplicaci\u00f3n y los almacena temporalmente en un as\u00ed llamado archivo de registro. No tendr\u00e1 lugar el almacenamiento de estos datos junto con otros de sus datos personales.<\/p><p>La siguiente informaci\u00f3n puede registrarse, incluso sin su participaci\u00f3n activa, y almacenarse hasta su eliminaci\u00f3n autom\u00e1tica:<\/p><ul><li>Una direcci\u00f3n IP del dispositivo que realiza la consulta en Internet<\/li><li>La fecha y la hora de su acceso al sitio web<\/li><li>El sitio web \/ la aplicaci\u00f3n desde donde se realiz\u00f3 el acceso (URL de referencia)<\/li><li>El tipo de navegador y la versi\u00f3n que utiliza<\/li><li>El sistema operativo de su ordenador con acceso a Internet<\/li><li>El nombre de su proveedor de servicios de Internet<\/li><li>Los subsitios web a los que se accede desde nuestro sitio web a trav\u00e9s del sistema de acceso que usted usa<\/li><li>Los archivos descargados desde nuestro sitio web (por ejemplo, documentos PDF o Word)<\/li><\/ul><p>La base legal para el procesamiento de la direcci\u00f3n IP es el art. 6 apdo. 1 letra f RGPD. Nuestro inter\u00e9s leg\u00edtimo procede de los fines de recopilaci\u00f3n de datos anteriormente indicados. Con la utilizaci\u00f3n de la informaci\u00f3n y los datos de acceso generales, FISIOBARNA no podr\u00e1 sacar conclusiones directas sobre la identidad de su persona. La direcci\u00f3n IP de su dispositivo, as\u00ed como los dem\u00e1s datos anteriormente indicados se requieren, m\u00e1s bien, para:<\/p><ul><li>Conocer y evaluar estad\u00edsticamente el comportamiento del usuario<\/li><li>Ofrecer los contenidos de nuestro sitio web correctamente<\/li><li>Optimizar los contenidos de nuestro sitio web, as\u00ed como su publicidad<\/li><li>Garantizar el funcionamiento continuo de nuestros sistemas tecnol\u00f3gicos de informaci\u00f3n y la tecnolog\u00eda de nuestro sitio web<\/li><li>Proporcionar a los organismos encargados de la aplicaci\u00f3n de la ley la informaci\u00f3n necesaria en caso de un delito inform\u00e1tico<\/li><\/ul><p>Los datos se borrar\u00e1n autom\u00e1ticamente, tan pronto como no sean necesarios para la consecuci\u00f3n del objetivo. En el caso del tratamiento de datos para la disposici\u00f3n de la p\u00e1gina web, esto ocurre cuando se termina la respectiva sesi\u00f3n. Los datos se borrar\u00e1n del almacenamiento de datos en los archivos de manera autom\u00e1tica como muy tarde a los 7 d\u00edas.<\/p><h3>Tratamiento de los datos personales<\/h3><p>El uso de la oferta online de FISIOBARNA es posible b\u00e1sicamente sin tener que indicar ning\u00fan dato personal. No obstante, si desea utilizar nuestros servicios a trav\u00e9s de nuestro sitio web, es posible que tengan que procesarse sus datos personales.<\/p><p>El procesamiento de sus datos personales se realiza siempre de acuerdo con el RGPD y la nueva BDSG. Esto significa que los datos de los usuarios se procesar\u00e1n solo en caso de permiso legal, es decir, si el procesamiento de datos est\u00e1 prescrito por ley, si existe el consentimiento correspondiente por parte de los usuarios o si se debe a nuestros intereses leg\u00edtimos en el sentido del art. 6 apdo. 1 letra b RGPD.<\/p><p>Los datos personales son toda informaci\u00f3n que se utilice de manera expl\u00edcita para determinar su identidad. Esto incluye informaci\u00f3n como, por ejemplo, su nombre, direcci\u00f3n postal o correo electr\u00f3nico, n\u00famero de tel\u00e9fono, ubicaci\u00f3n, identificaci\u00f3n (online) u otras caracter\u00edsticas distintivas que sean una expresi\u00f3n de su identidad f\u00edsica, fisiol\u00f3gica, gen\u00e9tica, mental, econ\u00f3mica, cultural o social.<\/p><p>Recopilaremos sus datos personales, adem\u00e1s de los datos de acceso, solo si usted nos los proporciona voluntariamente, p. ej., en el marco de una encuesta, una solicitud de contacto, una suscripci\u00f3n al bolet\u00edn de noticias o un pedido online. Los datos personales solo se utilizar\u00e1n en la medida necesaria y solo para el fin autorizado por usted o con fines legales. Para el uso de datos personales para otros fines, especialmente fines publicitarios, FISIOBARNA siempre solicitar\u00e1 su consentimiento expreso antes de recopilar los datos.<\/p><p>La contrataci\u00f3n de servicios ofrecidos por FISIOBARNA se puede realizar mediante la tienda online de FISIOBARNA. El procesamiento de datos aplicable en este contexto se explica en los t\u00e9rminos y condiciones generales de contrataci\u00f3n del servicio en la web..<\/p><h3>El bolet\u00edn de noticias\u00a0<\/h3><p>Con nuestro bolet\u00edn de noticias tiene la posibilidad de estar informado de las novedades y las ofertas actuales de FISIOBARNA y de sector.<\/p><p>Procesaremos y utilizaremos su direcci\u00f3n de correo electr\u00f3nico para enviarle regularmente el bolet\u00edn de noticias que desee, cuando en el campo de correo electr\u00f3nico haya introducido su direcci\u00f3n de correo electr\u00f3nico, y por propia voluntad tambi\u00e9n su nombre y sus apellidos, haya presionado el bot\u00f3n \u00absuscribirse al bolet\u00edn\u00bb y, posteriormente, nos haya confirmado su registro a trav\u00e9s del enlace que le enviaremos a la direcci\u00f3n de correo electr\u00f3nico facilitada (procedimiento Double-Opt-In). La suscripci\u00f3n al bolet\u00edn de noticias es voluntaria y sus datos personales ser\u00e1n procesados de manera confidencial. El procesamiento de datos se basa en su autorizaci\u00f3n expl\u00edcita seg\u00fan el art. 6 apdo. 1 letra a RGPD y sus datos se utilizar\u00e1n exclusivamente para el env\u00edo del bolet\u00edn de noticias FISIOBARNA.<\/p><p>Para el env\u00edo del bolet\u00edn de noticias utilizamos los servicios electr\u00f3nicos del proveedor de boletines de noticias Mailchimp, para el env\u00edo autom\u00e1tico de correos electr\u00f3nicos personalizados.<\/p><p>Si ya no desea recibir nuestro bolet\u00edn de noticias, tiene derecho a darse de baja de la lista de distribuci\u00f3n de boletines de noticias en todo momento. Para ello solo tiene que enviar un correo electr\u00f3nico a\u00a0<a href=\"mailto:info@fisiobarna.com\">info@fisiobarna.com<\/a>.<\/p><h3>Toma de contacto<\/h3><p>En caso de ponerse en contacto con nuestra empresa, ya sea a trav\u00e9s del formulario de contacto o por correo electr\u00f3nico, se procesar\u00e1n sus datos, incluidos los datos personales de contacto que haya proporcionado para procesar la solicitud de contacto y su desarrollo, de acuerdo con el art. 6 apdo. 1 letra b RGPD (para ejecutar las medidas precontractuales).<\/p><h3>Solicitud<\/h3><p>Al realizar una solicitud a trav\u00e9s de nuestra p\u00e1gina web de FISIOBARNA, se procesar\u00e1n sus datos personales como los datos de contacto (nombre, apellidos, direcci\u00f3n, tel\u00e9fono y correo electr\u00f3nico) y se pondr\u00e1n a su disposici\u00f3n los documentos de la solicitud (correo, curr\u00edculum y certificados). Sus datos son confidenciales y se utilizan exclusivamente para realizar el proceso de solicitud y selecci\u00f3n. La transferencia de datos se realiza de forma codificada.<\/p><p>En cualquier momento usted tiene la posibilidad de cancelar la solicitud y borrar todos sus datos personales de ella. En este caso se borrar\u00e1n los datos y se excluir\u00e1 su solicitud del proceso.<\/p>\t\t\t\t\t\t\t\t<\/div>\n\t\t\t\t<\/div>\n\t\t\t\t\t<\/div>\n\t\t<\/div>\n\t\t\t\t\t<\/div>\n\t\t<\/section>\n\t\t\t\t<\/div>","protected":false},"excerpt":{"rendered":"<p>Pol\u00edtica de Privacidad y Protecci\u00f3n de Datos Nos complace tu visita al sitio web de FISIOBARNA\u00a0y el inter\u00e9s mostrado por nuestro centro y nuestros servicios. Respetamos tu privacidad y nos tomamos muy en serio la protecci\u00f3n de tus datos personales. Por eso queremos que tu visita a nuestro sitio web se base en la confianza [&hellip;]<\/p>\n","protected":false},"author":3,"featured_media":0,"parent":0,"menu_order":0,"comment_status":"closed","ping_status":"closed","template":"elementor_header_footer","meta":{"_acf_changed":false,"footnotes":""},"class_list":["post-1622","page","type-page","status-publish","hentry"],"acf":[],"yoast_head":"<!-- This site is optimized with the Yoast SEO plugin v27.4 - https:\/\/yoast.com\/product\/yoast-seo-wordpress\/ -->\n<title>Pol\u00edtica de Privacidad y Protecci\u00f3n de Datos - FisioBarna<\/title>\n<meta name=\"robots\" content=\"index, follow, max-snippet:-1, max-image-preview:large, max-video-preview:-1\" \/>\n<link rel=\"canonical\" href=\"https:\/\/fisiobarna.com\/ca\/politica-de-privacidad\/\" \/>\n<meta property=\"og:locale\" content=\"ca_ES\" \/>\n<meta property=\"og:type\" content=\"article\" \/>\n<meta property=\"og:title\" content=\"Pol\u00edtica de Privacidad y Protecci\u00f3n de Datos - FisioBarna\" \/>\n<meta property=\"og:description\" content=\"Pol\u00edtica de Privacidad y Protecci\u00f3n de Datos Nos complace tu visita al sitio web de FISIOBARNA\u00a0y el inter\u00e9s mostrado por nuestro centro y nuestros servicios. Respetamos tu privacidad y nos tomamos muy en serio la protecci\u00f3n de tus datos personales. Por eso queremos que tu visita a nuestro sitio web se base en la confianza [&hellip;]\" \/>\n<meta property=\"og:url\" content=\"https:\/\/fisiobarna.com\/ca\/politica-de-privacidad\/\" \/>\n<meta property=\"og:site_name\" content=\"FisioBarna\" \/>\n<meta property=\"article:modified_time\" content=\"2025-04-23T14:12:33+00:00\" \/>\n<meta name=\"twitter:card\" content=\"summary_large_image\" \/>\n<meta name=\"twitter:label1\" content=\"Temps estimat de lectura\" \/>\n\t<meta name=\"twitter:data1\" content=\"7 minuts\" \/>\n<script type=\"application\/ld+json\" class=\"yoast-schema-graph\">{\"@context\":\"https:\\\/\\\/schema.org\",\"@graph\":[{\"@type\":\"WebPage\",\"@id\":\"https:\\\/\\\/fisiobarna.com\\\/ca\\\/politica-de-privacidad\\\/\",\"url\":\"https:\\\/\\\/fisiobarna.com\\\/ca\\\/politica-de-privacidad\\\/\",\"name\":\"Pol\u00edtica de Privacidad y Protecci\u00f3n de Datos - FisioBarna\",\"isPartOf\":{\"@id\":\"https:\\\/\\\/fisiobarna.com\\\/ca\\\/#website\"},\"datePublished\":\"2023-03-06T10:57:04+00:00\",\"dateModified\":\"2025-04-23T14:12:33+00:00\",\"breadcrumb\":{\"@id\":\"https:\\\/\\\/fisiobarna.com\\\/ca\\\/politica-de-privacidad\\\/#breadcrumb\"},\"inLanguage\":\"ca\",\"potentialAction\":[{\"@type\":\"ReadAction\",\"target\":[\"https:\\\/\\\/fisiobarna.com\\\/ca\\\/politica-de-privacidad\\\/\"]}]},{\"@type\":\"BreadcrumbList\",\"@id\":\"https:\\\/\\\/fisiobarna.com\\\/ca\\\/politica-de-privacidad\\\/#breadcrumb\",\"itemListElement\":[{\"@type\":\"ListItem\",\"position\":1,\"name\":\"Portada\",\"item\":\"https:\\\/\\\/fisiobarna.com\\\/\"},{\"@type\":\"ListItem\",\"position\":2,\"name\":\"Pol\u00edtica de Privacidad y Protecci\u00f3n de Datos\"}]},{\"@type\":\"WebSite\",\"@id\":\"https:\\\/\\\/fisiobarna.com\\\/ca\\\/#website\",\"url\":\"https:\\\/\\\/fisiobarna.com\\\/ca\\\/\",\"name\":\"Clinica de fisioterapia FisioBarna\",\"description\":\"Cl&iacute;nica de fisioterapia, osteopat&iacute;a y pilates en Barcelona\",\"publisher\":{\"@id\":\"https:\\\/\\\/fisiobarna.com\\\/ca\\\/#organization\"},\"alternateName\":\"FisioBarna\",\"potentialAction\":[{\"@type\":\"SearchAction\",\"target\":{\"@type\":\"EntryPoint\",\"urlTemplate\":\"https:\\\/\\\/fisiobarna.com\\\/ca\\\/?s={search_term_string}\"},\"query-input\":{\"@type\":\"PropertyValueSpecification\",\"valueRequired\":true,\"valueName\":\"search_term_string\"}}],\"inLanguage\":\"ca\"},{\"@type\":\"Organization\",\"@id\":\"https:\\\/\\\/fisiobarna.com\\\/ca\\\/#organization\",\"name\":\"Clinica de fisioterapia FisioBarna\",\"url\":\"https:\\\/\\\/fisiobarna.com\\\/ca\\\/\",\"logo\":{\"@type\":\"ImageObject\",\"inLanguage\":\"ca\",\"@id\":\"https:\\\/\\\/fisiobarna.com\\\/ca\\\/#\\\/schema\\\/logo\\\/image\\\/\",\"url\":\"https:\\\/\\\/fisiobarna.com\\\/wp-content\\\/uploads\\\/2023\\\/01\\\/FisioBarna-Logo-Fondo-transparente-1.png\",\"contentUrl\":\"https:\\\/\\\/fisiobarna.com\\\/wp-content\\\/uploads\\\/2023\\\/01\\\/FisioBarna-Logo-Fondo-transparente-1.png\",\"width\":1055,\"height\":373,\"caption\":\"Clinica de fisioterapia FisioBarna\"},\"image\":{\"@id\":\"https:\\\/\\\/fisiobarna.com\\\/ca\\\/#\\\/schema\\\/logo\\\/image\\\/\"}}]}<\/script>\n<!-- \/ Yoast SEO plugin. -->","yoast_head_json":{"title":"Pol\u00edtica de Privacidad y Protecci\u00f3n de Datos - FisioBarna","robots":{"index":"index","follow":"follow","max-snippet":"max-snippet:-1","max-image-preview":"max-image-preview:large","max-video-preview":"max-video-preview:-1"},"canonical":"https:\/\/fisiobarna.com\/ca\/politica-de-privacidad\/","og_locale":"ca_ES","og_type":"article","og_title":"Pol\u00edtica de Privacidad y Protecci\u00f3n de Datos - FisioBarna","og_description":"Pol\u00edtica de Privacidad y Protecci\u00f3n de Datos Nos complace tu visita al sitio web de FISIOBARNA\u00a0y el inter\u00e9s mostrado por nuestro centro y nuestros servicios. Respetamos tu privacidad y nos tomamos muy en serio la protecci\u00f3n de tus datos personales. Por eso queremos que tu visita a nuestro sitio web se base en la confianza [&hellip;]","og_url":"https:\/\/fisiobarna.com\/ca\/politica-de-privacidad\/","og_site_name":"FisioBarna","article_modified_time":"2025-04-23T14:12:33+00:00","twitter_card":"summary_large_image","twitter_misc":{"Temps estimat de lectura":"7 minuts"},"schema":{"@context":"https:\/\/schema.org","@graph":[{"@type":"WebPage","@id":"https:\/\/fisiobarna.com\/ca\/politica-de-privacidad\/","url":"https:\/\/fisiobarna.com\/ca\/politica-de-privacidad\/","name":"Pol\u00edtica de Privacidad y Protecci\u00f3n de Datos - FisioBarna","isPartOf":{"@id":"https:\/\/fisiobarna.com\/ca\/#website"},"datePublished":"2023-03-06T10:57:04+00:00","dateModified":"2025-04-23T14:12:33+00:00","breadcrumb":{"@id":"https:\/\/fisiobarna.com\/ca\/politica-de-privacidad\/#breadcrumb"},"inLanguage":"ca","potentialAction":[{"@type":"ReadAction","target":["https:\/\/fisiobarna.com\/ca\/politica-de-privacidad\/"]}]},{"@type":"BreadcrumbList","@id":"https:\/\/fisiobarna.com\/ca\/politica-de-privacidad\/#breadcrumb","itemListElement":[{"@type":"ListItem","position":1,"name":"Portada","item":"https:\/\/fisiobarna.com\/"},{"@type":"ListItem","position":2,"name":"Pol\u00edtica de Privacidad y Protecci\u00f3n de Datos"}]},{"@type":"WebSite","@id":"https:\/\/fisiobarna.com\/ca\/#website","url":"https:\/\/fisiobarna.com\/ca\/","name":"Clinica de fisioterapia FisioBarna","description":"Cl&iacute;nica de fisioterapia, osteopat&iacute;a y pilates en Barcelona","publisher":{"@id":"https:\/\/fisiobarna.com\/ca\/#organization"},"alternateName":"FisioBarna","potentialAction":[{"@type":"SearchAction","target":{"@type":"EntryPoint","urlTemplate":"https:\/\/fisiobarna.com\/ca\/?s={search_term_string}"},"query-input":{"@type":"PropertyValueSpecification","valueRequired":true,"valueName":"search_term_string"}}],"inLanguage":"ca"},{"@type":"Organization","@id":"https:\/\/fisiobarna.com\/ca\/#organization","name":"Clinica de fisioterapia FisioBarna","url":"https:\/\/fisiobarna.com\/ca\/","logo":{"@type":"ImageObject","inLanguage":"ca","@id":"https:\/\/fisiobarna.com\/ca\/#\/schema\/logo\/image\/","url":"https:\/\/fisiobarna.com\/wp-content\/uploads\/2023\/01\/FisioBarna-Logo-Fondo-transparente-1.png","contentUrl":"https:\/\/fisiobarna.com\/wp-content\/uploads\/2023\/01\/FisioBarna-Logo-Fondo-transparente-1.png","width":1055,"height":373,"caption":"Clinica de fisioterapia FisioBarna"},"image":{"@id":"https:\/\/fisiobarna.com\/ca\/#\/schema\/logo\/image\/"}}]}},"_links":{"self":[{"href":"https:\/\/fisiobarna.com\/ca\/wp-json\/wp\/v2\/pages\/1622","targetHints":{"allow":["GET"]}}],"collection":[{"href":"https:\/\/fisiobarna.com\/ca\/wp-json\/wp\/v2\/pages"}],"about":[{"href":"https:\/\/fisiobarna.com\/ca\/wp-json\/wp\/v2\/types\/page"}],"author":[{"embeddable":true,"href":"https:\/\/fisiobarna.com\/ca\/wp-json\/wp\/v2\/users\/3"}],"replies":[{"embeddable":true,"href":"https:\/\/fisiobarna.com\/ca\/wp-json\/wp\/v2\/comments?post=1622"}],"version-history":[{"count":7,"href":"https:\/\/fisiobarna.com\/ca\/wp-json\/wp\/v2\/pages\/1622\/revisions"}],"predecessor-version":[{"id":2580,"href":"https:\/\/fisiobarna.com\/ca\/wp-json\/wp\/v2\/pages\/1622\/revisions\/2580"}],"wp:attachment":[{"href":"https:\/\/fisiobarna.com\/ca\/wp-json\/wp\/v2\/media?parent=1622"}],"curies":[{"name":"wp","href":"https:\/\/api.w.org\/{rel}","templated":true}]}}