{"id":733,"date":"2023-01-27T15:17:37","date_gmt":"2023-01-27T15:17:37","guid":{"rendered":"https:\/\/fisiobarna.com\/?page_id=733"},"modified":"2023-03-06T16:40:41","modified_gmt":"2023-03-06T16:40:41","slug":"politica-de-cookies","status":"publish","type":"page","link":"https:\/\/fisiobarna.com\/ca\/politica-de-cookies\/","title":{"rendered":"Politica de Cookies"},"content":{"rendered":"<div data-elementor-type=\"wp-page\" data-elementor-id=\"733\" class=\"elementor elementor-733\" data-elementor-post-type=\"page\">\n\t\t\t\t\t\t<section class=\"elementor-section elementor-top-section elementor-element elementor-element-602eac4 elementor-section-height-min-height elementor-section-boxed elementor-section-height-default elementor-section-items-middle\" data-id=\"602eac4\" data-element_type=\"section\" data-e-type=\"section\">\n\t\t\t\t\t\t<div class=\"elementor-container elementor-column-gap-default\">\n\t\t\t\t\t<div class=\"elementor-column elementor-col-100 elementor-top-column elementor-element elementor-element-e78c2c1\" data-id=\"e78c2c1\" data-element_type=\"column\" data-e-type=\"column\">\n\t\t\t<div class=\"elementor-widget-wrap elementor-element-populated\">\n\t\t\t\t\t\t<div class=\"elementor-element elementor-element-5ad172c elementor-widget elementor-widget-heading\" data-id=\"5ad172c\" data-element_type=\"widget\" data-e-type=\"widget\" data-widget_type=\"heading.default\">\n\t\t\t\t<div class=\"elementor-widget-container\">\n\t\t\t\t\t<h1 class=\"elementor-heading-title elementor-size-default\">Pol\u00edtica de cookies<\/h1>\t\t\t\t<\/div>\n\t\t\t\t<\/div>\n\t\t\t\t<div class=\"elementor-element elementor-element-3c3c560 elementor-widget elementor-widget-text-editor\" data-id=\"3c3c560\" data-element_type=\"widget\" data-e-type=\"widget\" data-widget_type=\"text-editor.default\">\n\t\t\t\t<div class=\"elementor-widget-container\">\n\t\t\t\t\t\t\t\t\t<p>FisioBarna utiliza en este sitio web https:\/\/fisiobarna.com\/ (el \u201cSitio Web\u201d) una tecnolog\u00eda denominada \u201ccookies\u201d con la finalidad de garantizar la correcta funcionalidad de la web (cookies necesarias y cookies de funcionalidad) y poder recabar informaci\u00f3n acerca del uso del Sitio Web y la navegaci\u00f3n en el mismo, analizar el tr\u00e1fico y sus h\u00e1bitos de navegaci\u00f3n y saber c\u00f3mo interact\u00faan los usuarios con nuestro sitio web (cookies de rendimiento o anal\u00edticas).<\/p><p>La presente pol\u00edtica tiene por objeto informarle sobre las cookies que se utilizan en este Sitio Web. Usted puede aceptar todas las cookies o s\u00f3lo algunas de ellas a trav\u00e9s de nuestro panel de configuraci\u00f3n y tambi\u00e9n tiene la opci\u00f3n de eliminar las cookies mediante la selecci\u00f3n de la correspondiente opci\u00f3n en su navegador. En caso de bloquear el uso de \u2018cookies\u2019 en su navegador o no aceptar determinadas cookies, es posible que algunos servicios o funcionalidades de la p\u00e1gina web no est\u00e9n disponibles.<\/p><h3>1. \u00bfQu\u00e9 son las cookies?<\/h3><p>Una cookie es un archivo que se descarga en su equipo (ordenador o dispositivo m\u00f3vil) con la finalidad de almacenar datos que podr\u00e1n ser actualizados y recuperados por la entidad responsable de su instalaci\u00f3n.<\/p><p>La informaci\u00f3n recabada a trav\u00e9s de las cookies puede incluir ciertos identificadores online (como la ID asignada por la cookie, direcci\u00f3n IP o informaci\u00f3n sobre el hardware utilizado), la fecha y hora de visitas al Sitio Web, las p\u00e1ginas visionadas, el tiempo que ha estado en nuestro Sitio Web y los sitios visitados justo antes y despu\u00e9s del mismo.<\/p><h3>Cookies propias<\/h3><p>Son aquellas que se env\u00edan a su dispositivo desde nuestra web o desde un equipo o dominio gestionado por nosotros y que empleamos exclusivamente para nuestros propios fines.<\/p><h3>Cookies de terceros<\/h3><p>Son aquellas que se env\u00edan a su dispositivo desde un equipo o dominio que gestiona un tercero que trata los datos obtenidos trav\u00e9s de las cookies.<\/p><p>Responsabilidad respecto al tratamiento de los datos obtenidos por cookies<\/p><p>Tenga en cuenta que, aunque la cookie sea categorizada como \u201ccookie propia\u201d, tambi\u00e9n puede ser responsable del tratamiento de la informaci\u00f3n por ella recabada un tercero siempre y cuando trate esa informaci\u00f3n para sus propios fines. Del mismo modo, aunque la cookie sea categorizada como \u201ccookie de tercero\u201d, nosotros tambi\u00e9n seremos responsables en lo que respecta a la recogida de la informaci\u00f3n, as\u00ed como, en su caso, a los propios fines a los que nosotros apliquemos tal informaci\u00f3n.<\/p><h3>2. Cookies que se usan en el sitio web y su finalidad<\/h3><p>Esta p\u00e1gina web utiliza las cookies propias y de terceros que se desglosan en nuestra declaraci\u00f3n o aviso de Cookies, las cuales obedecer\u00e1n a alguno de los siguientes tipos de cookies que existen:<\/p><p><strong>\u00b7 Cookies t\u00e9cnicas o necesarias:<\/strong>\u00a0Son aquellas que permiten al usuario la navegaci\u00f3n a trav\u00e9s de esta web y la utilizaci\u00f3n de sus diferentes opciones o servicios como, por ejemplo, mantener la sesi\u00f3n de un usuario iniciada o comprobar si el usuario ha aceptado o no las cookies que requieren su consentimiento. Estas cookies permanecer\u00e1n en su dispositivo mientras usted no las borre o elimine mediante su navegador<\/p><p><strong>\u00b7 Cookies de estad\u00edsticas,<\/strong>\u00a0an\u00e1lisis o medici\u00f3n: Son aqu\u00e9llas que permiten cuantificar el n\u00famero de usuarios y as\u00ed realizar la medici\u00f3n y an\u00e1lisis estad\u00edstico y comportamental de la utilizaci\u00f3n que hacen los usuarios de esta web. Para ello se analiza su navegaci\u00f3n en nuestra p\u00e1gina web con el fin de incorporar mejoras del Sitio Web en funci\u00f3n de los resultados de dicho an\u00e1lisis. Una vez aceptadas e instaladas, estas cookies tienen una duraci\u00f3n m\u00e1xima de 2 a\u00f1os.<\/p><p><strong>\u00b7 Cookies de marketing o publicitarias:<\/strong>\u00a0Son aqu\u00e9llas que almacenan informaci\u00f3n del comportamiento de los usuarios gracias a la observaci\u00f3n continuada de sus h\u00e1bitos de navegaci\u00f3n. Esto permite desarrollar un perfil m\u00e1s detallado de los usuarios y por tanto gestionar de la forma m\u00e1s eficaz posible la oferta de los espacios publicitarios que hay en la p\u00e1gina web, adecuando el contenido del anuncio al contenido del servicio solicitado o al uso que realice de nuestra p\u00e1gina web. Para ello podemos analizar sus h\u00e1bitos de navegaci\u00f3n en Internet y podemos mostrarle publicidad relacionada con su perfil de navegaci\u00f3n. Estas cookies tienen una duraci\u00f3n m\u00e1xima de 6 meses.<\/p><h3>Estas cookies quedan detalladas en la siguiente tabla<\/h3><p>******<\/p><h3>3. Consentimiento, preferencias y c\u00f3mo gestionar las cookies:<\/h3><p>Al pulsar sobre \u201cAcepto todas las Cookies\u201d en nuestro banner de cookies o al aceptar los distintos tipos de cookies a trav\u00e9s de nuestra herramienta de configuraci\u00f3n, est\u00e1 otorgando su consentimiento al uso de las cookies antes indicadas, durante los per\u00edodos de tiempo se\u00f1alados y conforme a los t\u00e9rminos y condiciones establecidos en esta Pol\u00edtica de Cookies.<\/p><p>Tenga en cuenta que puede establecer y modificar sus preferencias en cuanto a cookies en cualquier momento pulsando el bot\u00f3n \u00abConfiguraci\u00f3n de Cookies\u00bb que puede encontrar en el bot\u00f3n CONFIGURAR COOKIES que figura al pie de esta p\u00e1gina.<\/p><p><strong>Eliminar y bloquear cookies<\/strong><\/p><p>Si desea eliminar sus datos de navegaci\u00f3n (incluidas las cookies instaladas en su dispositivo) o bloquear cookies puede hacerlo en cualquier momento a trav\u00e9s de la configuraci\u00f3n de su navegador de Internet para dicho dispositivo.<\/p><p>Tenga presente que todos los navegadores de Internet permiten el cambio de dicha configuraci\u00f3n.<\/p><p>Para m\u00e1s informaci\u00f3n sobre la forma de ajustar sus configuraciones de cookies en los siguientes navegadores, le remitimos al enlace pertinente: \u00b7<\/p><p>Para m\u00e1s informaci\u00f3n sobre Internet Explorer\u00a0<a href=\"https:\/\/support.microsoft.com\/es-es\/windows\/eliminar-y-administrar-cookies-168dab11-0753-043d-7c16-ede5947fc64d\" target=\"_blank\" rel=\"noopener\">pulse aqu\u00ed.<\/a>\u00a0\u00b7<\/p><p>Para m\u00e1s informaci\u00f3n sobre Chrome\u00a0<a href=\"https:\/\/support.google.com\/chrome\/answer\/95647?hl=es\" target=\"_blank\" rel=\"noopener\">pulse aqu\u00ed.<\/a>\u00a0\u00b7<\/p><p>Para m\u00e1s informaci\u00f3n sobre Safa<span style=\"color: #51b0d4;\">ri<a style=\"color: #51b0d4;\" href=\"https:\/\/support.apple.com\/es-es\/HT201265\" target=\"_blank\" rel=\"noopener\">\u00a0pulse aqu\u00ed<\/a>\u00a0pa<\/span>ra cookies en el iPhone, iPad o iPod touch, <span style=\"color: #51b0d4;\">y\u00a0<a style=\"color: #51b0d4;\" href=\"https:\/\/support.apple.com\/es-es\/guide\/safari\/sfri11471\/mac\" target=\"_blank\" rel=\"noopener\">aqu\u00ed<\/a>\u00a0par<\/span>a cookies en el Mac. \u00b7<\/p><p>Para m\u00e1s informaci\u00f3n sobre Firefox puls<span style=\"color: #51b0d4;\">e\u00a0<a style=\"color: #51b0d4;\" href=\"https:\/\/support.mozilla.org\/es\/kb\/habilitar-y-deshabilitar-cookies-sitios-web-rastrear-preferencias?redirectslug=habilitar-y-deshabilitar-cookies-que-los-sitios-we&amp;redirectlocale=es\" target=\"_blank\" rel=\"noopener\">aqu\u00ed.<\/a><\/span><\/p><p><strong>Retirar su consentimiento<\/strong><\/p><p>Aquellas cookies consideradas t\u00e9cnicas o esenciales son necesarias para usar nuestro Sitio Web y, por lo tanto, no pueden desactivarse.<\/p><p>Puede retirar su consentimiento a la instalaci\u00f3n de cookies o desactivar las cookies no esenciales en cualquier momento pulsando sobre el bot\u00f3n \u00abCONFIGURAR COOKIES\u00bb, que puede encontrar al pie de esta p\u00e1gina, o en el men\u00fa de configuraci\u00f3n de su navegador que le permite prohibir la instalaci\u00f3n de algunas o de todas las cookies. Tenga en cuenta que, si acepta cookies de terceros y despu\u00e9s quiere eliminarlas de forma permanente, debe suprimirlas en las opciones del navegador abajo, ya que la retirada de su consentimiento impedir\u00e1 su uso, pero no las eliminar\u00e1 porque son cookies de terceros.<\/p><h3>4. Transferencias internacionales<\/h3><p>El uso del conjunto de cookies de Google Analytics supone la transferencia de sus datos a Google, entidad radicada en EEUU, lugar que no ofrece un nivel de protecci\u00f3n equivalente al exigido en Europa en lo que respecta al tratamiento de datos personales. Por tal motivo, Google se ha comprometido a aplicar una serie de<\/p><p>medidas que garanticen un nivel de protecci\u00f3n adecuado y equivalente al europeo a trav\u00e9s de las denominadas cl\u00e1usulas contractuales conforme indica Google en su documento de<a href=\"https:\/\/support.google.com\/analytics\/answer\/6004245\" target=\"_blank\" rel=\"noopener\">\u00a0Medidas de protecci\u00f3n de datos de Analytics<\/a>.<\/p><p>Al margen de lo anterior, puede encontrar informaci\u00f3n sobre transferencias de datos internacionales realizadas por los terceros identificados en esta Pol\u00edtica de Cookies en el apartado &lt;&lt;Cookies que se usan en el sitio web y su finalidad&gt;&gt;.<\/p><h3>5. Pol\u00edtica de privacidad y Tratamiento de datos personales<\/h3><p>Puede acceder a nuestra Pol\u00edtica de Privacidad para obtener m\u00e1s informaci\u00f3n sobre el tratamiento de sus datos personales y sobre los derechos que le corresponden a este respecto aqu\u00ed.<\/p><p>Sus derechos<\/p><p><strong>Le informamos de que podr\u00e1 ejercer los siguientes derechos:<\/strong><\/p><p>\u00b7 derecho de acceso a sus datos personales para saber cu\u00e1les est\u00e1n siendo objeto de tratamiento y las operaciones de tratamiento llevadas a cabo con ellos;<\/p><p>\u00b7 derecho de rectificaci\u00f3n de cualquier dato personal inexacto;<\/p><p>\u00b7 derecho de supresi\u00f3n de sus datos personales, cuando esto sea posible;<\/p><p>\u00b7 derecho a solicitar la limitaci\u00f3n del tratamiento de sus datos personales cuando la exactitud, la legalidad o la necesidad del tratamiento de los datos resulte dudosa, en cuyo caso, podremos conservar los datos bloqueados para el ejercicio o la defensa de reclamaciones.<\/p><p>\u00b7 derecho de oposici\u00f3n al tratamiento de sus datos personales, cuando la base legal que nos habilite para su tratamiento de las indicadas en el apartado 2 sea el inter\u00e9s leg\u00edtimo. Se dejar\u00e1n de tratar sus datos salvo que tengan un inter\u00e9s leg\u00edtimo imperioso o sea necesario para la defensa de reclamaciones.<\/p><p>\u00b7 derecho a la portabilidad de sus datos personales, cuando la base legal que nos habilite para su tratamiento de las indicadas en el apartado 2 sea la existencia de una relaci\u00f3n contractual o su consentimiento.<\/p><p>\u00b7 derecho de revocaci\u00f3n de su consentimiento, cuando la base legal que nos habilite para su tratamiento de las indicadas en la tabla incluida en el apartado 5 sea su consentimiento<\/p><p>Podr\u00e1 ejercitar sus derechos en cualquier momento y de forma gratuita dirigiendo un correo electr\u00f3nico a info@fisiobarna.com, con indicaci\u00f3n del derecho que desea ejercitar y sus datos identificativos<\/p><p>Asimismo, podr\u00e1 presentar una reclamaci\u00f3n ante FisioBarna, a trav\u00e9s de la direcci\u00f3n de e-mail info@fisiobarna.com, o bien a trav\u00e9s de la direcci\u00f3n postal <span class=\"elementor-icon-list-text\">C\/ de Proven\u00e7a, 115, 08029, Barcelona<\/span> &#8211; Espa\u00f1a, con el fin de que podamos satisfacer sus derechos en esta materia. Por \u00faltimo, usted siempre podr\u00e1 acudir a la Autoridad de Control Competente (en Espa\u00f1a la Agencia Espa\u00f1ola de Protecci\u00f3n de Datos u organismo que lo sustituya en el futuro, para otros pa\u00edses europeos<a href=\"https:\/\/ec.europa.eu\/justice\/article-29\/structure\/data-protection-authorities\/index_en.htm\" target=\"_blank\" rel=\"noopener\">\u00a0consulte aqu\u00ed<\/a>).<\/p><p><strong>Contacte<\/strong><\/p><p>Puede contactar con el Delegado de Protecci\u00f3n de Datos de FisioBarna a trav\u00e9s de la direcci\u00f3n postal: <span class=\"elementor-icon-list-text\">C\/ de Proven\u00e7a, 115, 08029, Barcelona<\/span> &#8211; Espa\u00f1a o del e-mail: info@fisiobarna.com.<\/p><p>Si tuviera alguna duda, comentario o sugerencia sobre la Pol\u00edtica de Cookies, por favor escriba a: info@fisiobarna.com<\/p><h3>6. Cambios en la Pol\u00edtica de Cookies<\/h3><p>FisioBarna se reserva el derecho a actualizar la presente Pol\u00edtica de Cookies en funci\u00f3n de variaciones que se puedan producir en las cookies utilizadas o como consecuencia de cambios normativos aplicables.<\/p><p>Versi\u00f3n actual de fecha marzo de 2023.<\/p>\t\t\t\t\t\t\t\t<\/div>\n\t\t\t\t<\/div>\n\t\t\t\t\t<\/div>\n\t\t<\/div>\n\t\t\t\t\t<\/div>\n\t\t<\/section>\n\t\t\t\t<\/div>","protected":false},"excerpt":{"rendered":"<p>Pol\u00edtica de cookies FisioBarna utiliza en este sitio web https:\/\/fisiobarna.com\/ (el \u201cSitio Web\u201d) una tecnolog\u00eda denominada \u201ccookies\u201d con la finalidad de garantizar la correcta funcionalidad de la web (cookies necesarias y cookies de funcionalidad) y poder recabar informaci\u00f3n acerca del uso del Sitio Web y la navegaci\u00f3n en el mismo, analizar el tr\u00e1fico y sus [&hellip;]<\/p>\n","protected":false},"author":6,"featured_media":0,"parent":0,"menu_order":0,"comment_status":"closed","ping_status":"closed","template":"elementor_header_footer","meta":{"_acf_changed":false,"footnotes":""},"class_list":["post-733","page","type-page","status-publish","hentry"],"acf":[],"yoast_head":"<!-- This site is optimized with the Yoast SEO plugin v27.4 - https:\/\/yoast.com\/product\/yoast-seo-wordpress\/ -->\n<title>Politica de Cookies - FisioBarna<\/title>\n<meta name=\"robots\" content=\"index, follow, max-snippet:-1, max-image-preview:large, max-video-preview:-1\" \/>\n<link rel=\"canonical\" href=\"https:\/\/fisiobarna.com\/ca\/politica-de-cookies\/\" \/>\n<meta property=\"og:locale\" content=\"ca_ES\" \/>\n<meta property=\"og:type\" content=\"article\" \/>\n<meta property=\"og:title\" content=\"Politica de Cookies - FisioBarna\" \/>\n<meta property=\"og:description\" content=\"Pol\u00edtica de cookies FisioBarna utiliza en este sitio web https:\/\/fisiobarna.com\/ (el \u201cSitio Web\u201d) una tecnolog\u00eda denominada \u201ccookies\u201d con la finalidad de garantizar la correcta funcionalidad de la web (cookies necesarias y cookies de funcionalidad) y poder recabar informaci\u00f3n acerca del uso del Sitio Web y la navegaci\u00f3n en el mismo, analizar el tr\u00e1fico y sus [&hellip;]\" \/>\n<meta property=\"og:url\" content=\"https:\/\/fisiobarna.com\/ca\/politica-de-cookies\/\" \/>\n<meta property=\"og:site_name\" content=\"FisioBarna\" \/>\n<meta property=\"article:modified_time\" content=\"2023-03-06T16:40:41+00:00\" \/>\n<meta name=\"twitter:card\" content=\"summary_large_image\" \/>\n<meta name=\"twitter:label1\" content=\"Temps estimat de lectura\" \/>\n\t<meta name=\"twitter:data1\" content=\"8 minuts\" \/>\n<script type=\"application\/ld+json\" class=\"yoast-schema-graph\">{\"@context\":\"https:\\\/\\\/schema.org\",\"@graph\":[{\"@type\":\"WebPage\",\"@id\":\"https:\\\/\\\/fisiobarna.com\\\/ca\\\/politica-de-cookies\\\/\",\"url\":\"https:\\\/\\\/fisiobarna.com\\\/ca\\\/politica-de-cookies\\\/\",\"name\":\"Politica de Cookies - FisioBarna\",\"isPartOf\":{\"@id\":\"https:\\\/\\\/fisiobarna.com\\\/ca\\\/#website\"},\"datePublished\":\"2023-01-27T15:17:37+00:00\",\"dateModified\":\"2023-03-06T16:40:41+00:00\",\"breadcrumb\":{\"@id\":\"https:\\\/\\\/fisiobarna.com\\\/ca\\\/politica-de-cookies\\\/#breadcrumb\"},\"inLanguage\":\"ca\",\"potentialAction\":[{\"@type\":\"ReadAction\",\"target\":[\"https:\\\/\\\/fisiobarna.com\\\/ca\\\/politica-de-cookies\\\/\"]}]},{\"@type\":\"BreadcrumbList\",\"@id\":\"https:\\\/\\\/fisiobarna.com\\\/ca\\\/politica-de-cookies\\\/#breadcrumb\",\"itemListElement\":[{\"@type\":\"ListItem\",\"position\":1,\"name\":\"Portada\",\"item\":\"https:\\\/\\\/fisiobarna.com\\\/\"},{\"@type\":\"ListItem\",\"position\":2,\"name\":\"Politica de Cookies\"}]},{\"@type\":\"WebSite\",\"@id\":\"https:\\\/\\\/fisiobarna.com\\\/ca\\\/#website\",\"url\":\"https:\\\/\\\/fisiobarna.com\\\/ca\\\/\",\"name\":\"Clinica de fisioterapia FisioBarna\",\"description\":\"Cl&iacute;nica de fisioterapia, osteopat&iacute;a y pilates en Barcelona\",\"publisher\":{\"@id\":\"https:\\\/\\\/fisiobarna.com\\\/ca\\\/#organization\"},\"alternateName\":\"FisioBarna\",\"potentialAction\":[{\"@type\":\"SearchAction\",\"target\":{\"@type\":\"EntryPoint\",\"urlTemplate\":\"https:\\\/\\\/fisiobarna.com\\\/ca\\\/?s={search_term_string}\"},\"query-input\":{\"@type\":\"PropertyValueSpecification\",\"valueRequired\":true,\"valueName\":\"search_term_string\"}}],\"inLanguage\":\"ca\"},{\"@type\":\"Organization\",\"@id\":\"https:\\\/\\\/fisiobarna.com\\\/ca\\\/#organization\",\"name\":\"Clinica de fisioterapia FisioBarna\",\"url\":\"https:\\\/\\\/fisiobarna.com\\\/ca\\\/\",\"logo\":{\"@type\":\"ImageObject\",\"inLanguage\":\"ca\",\"@id\":\"https:\\\/\\\/fisiobarna.com\\\/ca\\\/#\\\/schema\\\/logo\\\/image\\\/\",\"url\":\"https:\\\/\\\/fisiobarna.com\\\/wp-content\\\/uploads\\\/2023\\\/01\\\/FisioBarna-Logo-Fondo-transparente-1.png\",\"contentUrl\":\"https:\\\/\\\/fisiobarna.com\\\/wp-content\\\/uploads\\\/2023\\\/01\\\/FisioBarna-Logo-Fondo-transparente-1.png\",\"width\":1055,\"height\":373,\"caption\":\"Clinica de fisioterapia FisioBarna\"},\"image\":{\"@id\":\"https:\\\/\\\/fisiobarna.com\\\/ca\\\/#\\\/schema\\\/logo\\\/image\\\/\"}}]}<\/script>\n<!-- \/ Yoast SEO plugin. -->","yoast_head_json":{"title":"Politica de Cookies - FisioBarna","robots":{"index":"index","follow":"follow","max-snippet":"max-snippet:-1","max-image-preview":"max-image-preview:large","max-video-preview":"max-video-preview:-1"},"canonical":"https:\/\/fisiobarna.com\/ca\/politica-de-cookies\/","og_locale":"ca_ES","og_type":"article","og_title":"Politica de Cookies - FisioBarna","og_description":"Pol\u00edtica de cookies FisioBarna utiliza en este sitio web https:\/\/fisiobarna.com\/ (el \u201cSitio Web\u201d) una tecnolog\u00eda denominada \u201ccookies\u201d con la finalidad de garantizar la correcta funcionalidad de la web (cookies necesarias y cookies de funcionalidad) y poder recabar informaci\u00f3n acerca del uso del Sitio Web y la navegaci\u00f3n en el mismo, analizar el tr\u00e1fico y sus [&hellip;]","og_url":"https:\/\/fisiobarna.com\/ca\/politica-de-cookies\/","og_site_name":"FisioBarna","article_modified_time":"2023-03-06T16:40:41+00:00","twitter_card":"summary_large_image","twitter_misc":{"Temps estimat de lectura":"8 minuts"},"schema":{"@context":"https:\/\/schema.org","@graph":[{"@type":"WebPage","@id":"https:\/\/fisiobarna.com\/ca\/politica-de-cookies\/","url":"https:\/\/fisiobarna.com\/ca\/politica-de-cookies\/","name":"Politica de Cookies - FisioBarna","isPartOf":{"@id":"https:\/\/fisiobarna.com\/ca\/#website"},"datePublished":"2023-01-27T15:17:37+00:00","dateModified":"2023-03-06T16:40:41+00:00","breadcrumb":{"@id":"https:\/\/fisiobarna.com\/ca\/politica-de-cookies\/#breadcrumb"},"inLanguage":"ca","potentialAction":[{"@type":"ReadAction","target":["https:\/\/fisiobarna.com\/ca\/politica-de-cookies\/"]}]},{"@type":"BreadcrumbList","@id":"https:\/\/fisiobarna.com\/ca\/politica-de-cookies\/#breadcrumb","itemListElement":[{"@type":"ListItem","position":1,"name":"Portada","item":"https:\/\/fisiobarna.com\/"},{"@type":"ListItem","position":2,"name":"Politica de Cookies"}]},{"@type":"WebSite","@id":"https:\/\/fisiobarna.com\/ca\/#website","url":"https:\/\/fisiobarna.com\/ca\/","name":"Clinica de fisioterapia FisioBarna","description":"Cl&iacute;nica de fisioterapia, osteopat&iacute;a y pilates en Barcelona","publisher":{"@id":"https:\/\/fisiobarna.com\/ca\/#organization"},"alternateName":"FisioBarna","potentialAction":[{"@type":"SearchAction","target":{"@type":"EntryPoint","urlTemplate":"https:\/\/fisiobarna.com\/ca\/?s={search_term_string}"},"query-input":{"@type":"PropertyValueSpecification","valueRequired":true,"valueName":"search_term_string"}}],"inLanguage":"ca"},{"@type":"Organization","@id":"https:\/\/fisiobarna.com\/ca\/#organization","name":"Clinica de fisioterapia FisioBarna","url":"https:\/\/fisiobarna.com\/ca\/","logo":{"@type":"ImageObject","inLanguage":"ca","@id":"https:\/\/fisiobarna.com\/ca\/#\/schema\/logo\/image\/","url":"https:\/\/fisiobarna.com\/wp-content\/uploads\/2023\/01\/FisioBarna-Logo-Fondo-transparente-1.png","contentUrl":"https:\/\/fisiobarna.com\/wp-content\/uploads\/2023\/01\/FisioBarna-Logo-Fondo-transparente-1.png","width":1055,"height":373,"caption":"Clinica de fisioterapia FisioBarna"},"image":{"@id":"https:\/\/fisiobarna.com\/ca\/#\/schema\/logo\/image\/"}}]}},"_links":{"self":[{"href":"https:\/\/fisiobarna.com\/ca\/wp-json\/wp\/v2\/pages\/733","targetHints":{"allow":["GET"]}}],"collection":[{"href":"https:\/\/fisiobarna.com\/ca\/wp-json\/wp\/v2\/pages"}],"about":[{"href":"https:\/\/fisiobarna.com\/ca\/wp-json\/wp\/v2\/types\/page"}],"author":[{"embeddable":true,"href":"https:\/\/fisiobarna.com\/ca\/wp-json\/wp\/v2\/users\/6"}],"replies":[{"embeddable":true,"href":"https:\/\/fisiobarna.com\/ca\/wp-json\/wp\/v2\/comments?post=733"}],"version-history":[{"count":19,"href":"https:\/\/fisiobarna.com\/ca\/wp-json\/wp\/v2\/pages\/733\/revisions"}],"predecessor-version":[{"id":1707,"href":"https:\/\/fisiobarna.com\/ca\/wp-json\/wp\/v2\/pages\/733\/revisions\/1707"}],"wp:attachment":[{"href":"https:\/\/fisiobarna.com\/ca\/wp-json\/wp\/v2\/media?parent=733"}],"curies":[{"name":"wp","href":"https:\/\/api.w.org\/{rel}","templated":true}]}}