{"id":843,"date":"2023-02-03T13:05:06","date_gmt":"2023-02-03T13:05:06","guid":{"rendered":"https:\/\/fisiobarna.com\/?page_id=843"},"modified":"2025-07-08T12:41:58","modified_gmt":"2025-07-08T12:41:58","slug":"aviso-legal","status":"publish","type":"page","link":"https:\/\/fisiobarna.com\/ca\/aviso-legal\/","title":{"rendered":"Av\u00eds legal"},"content":{"rendered":"<div data-elementor-type=\"wp-page\" data-elementor-id=\"843\" class=\"elementor elementor-843\" data-elementor-post-type=\"page\">\n\t\t\t\t\t\t<section class=\"elementor-section elementor-top-section elementor-element elementor-element-6f74e93 elementor-section-boxed elementor-section-height-default elementor-section-height-default\" data-id=\"6f74e93\" data-element_type=\"section\" data-e-type=\"section\">\n\t\t\t\t\t\t<div class=\"elementor-container elementor-column-gap-default\">\n\t\t\t\t\t<div class=\"elementor-column elementor-col-100 elementor-top-column elementor-element elementor-element-abd1d36\" data-id=\"abd1d36\" data-element_type=\"column\" data-e-type=\"column\">\n\t\t\t<div class=\"elementor-widget-wrap elementor-element-populated\">\n\t\t\t\t\t\t<div class=\"elementor-element elementor-element-2f7d680 elementor-widget elementor-widget-heading\" data-id=\"2f7d680\" data-element_type=\"widget\" data-e-type=\"widget\" data-widget_type=\"heading.default\">\n\t\t\t\t<div class=\"elementor-widget-container\">\n\t\t\t\t\t<h2 class=\"elementor-heading-title elementor-size-default\">Av\u00eds legal<\/h2>\t\t\t\t<\/div>\n\t\t\t\t<\/div>\n\t\t\t\t<div class=\"elementor-element elementor-element-29cf371 elementor-widget elementor-widget-text-editor\" data-id=\"29cf371\" data-element_type=\"widget\" data-e-type=\"widget\" data-widget_type=\"text-editor.default\">\n\t\t\t\t<div class=\"elementor-widget-container\">\n\t\t\t\t\t\t\t\t\t<h3>FisioBarna\u00a0<\/h3><p><strong>Titular:<\/strong> Liz Rengel<\/p><p><strong>Domicilio social:<\/strong> C\/Proven\u00e7a 115, Bajos \u2013 08029 \u2013 Barcelona<\/p><p><strong>Tel\u00e9fono:<\/strong> + 34 931 561 326<\/p><p><strong>E-mail:<\/strong> info@fisiobarna.com\u00a0<\/p><p><strong>Website:<\/strong> www.fisiobarna.com<\/p><p><strong>C.I.F: <\/strong>54860135-Y<\/p><p><strong>Contacto por e-mail: <\/strong>info@fisiobarna.com<\/p><p><strong>Aviso sobre la disposici\u00f3n de resoluci\u00f3n de disputas online:<\/strong><strong><br \/><\/strong><br \/>De acuerdo con la ley vigente, FisioBarna. est\u00e1 obligada a informar a los consumidores sobre la existencia de la plataforma europea de resoluci\u00f3n de disputas online, que puede utilizarse para la resoluci\u00f3n de disputas sin necesidad de recurrir a un tribunal. La apertura de la plataforma es competencia de la Comisi\u00f3n Europea.\u00a0<\/p><p>No obstante, le advertimos que FisioBarna. no est\u00e1 dispuesta ni obligada a participar en procedimientos de resoluci\u00f3n de disputas ante una autoridad de conciliaci\u00f3n de consumidores. Nuestros usuarios tienen las siguientes formas de contacto: por tel\u00e9fono en el +34\/933 946 000 o a trav\u00e9s del <a href=\"https:\/\/fisiobarna.com\/ca\/contacto\/\">formulario de contacto<\/a>.<\/p><p><strong>FisioBarna. | Condiciones de uso<\/strong><\/p><p><strong>Copyright<\/strong><\/p><p>Las p\u00e1ginas de Internet de FisioBarna. presentan contenidos como im\u00e1genes, fotos, gr\u00e1ficos, logotipos, v\u00eddeos, pel\u00edculas, archivos de audio y texto. Todo este material es propiedad de FisioBarna. y est\u00e1 protegido por las disposiciones de los derechos de autor, derecho de marca, derecho de dise\u00f1o y derechos personales en virtud del derecho Espa\u00f1ol.<\/p><p>FisioBarna. permite la visualizaci\u00f3n y descarga de todo el contenido de sus sitios web sin autorizaci\u00f3n exclusivamente para el uso personal privado, as\u00ed como para otros fines no comerciales siempre que no se realicen cambios sustanciales. La reproducci\u00f3n para la venta u otro uso comercial est\u00e1 prohibida.<\/p><p><strong>Descarga<\/strong><strong><br \/><\/strong><br \/>En la medida en que se proporciona el software para descargar, la Compa\u00f1\u00eda asume la responsabilidad solo por la falta de caracter\u00edsticas de la garant\u00eda, la negligencia en las obligaciones importantes, entendida como negligencia grave de las obligaciones o da\u00f1os culpables a la salud.<\/p><p><strong>Garant\u00eda<\/strong><\/p><p>La informaci\u00f3n en nuestros sitios web ha sido compilada y verificada con sumo cuidado. Sin embargo, FisioBarna no asume ninguna responsabilidad por su integridad, exactitud, actualidad o idoneidad para fines de utilizaci\u00f3n espec\u00edficos. El uso del contenido proporcionado en las p\u00e1ginas de Internet se realizar\u00e1 bajo riesgo exclusivo del usuario. FisioBarna no se hace responsable de los da\u00f1os resultantes para el usuario, en particular con respecto a los datos, el hardware o el software.<\/p><p><strong>Exenci\u00f3n de responsabilidad para referencias externas y enlaces<\/strong><\/p><p>Los sitios web de FisioBarna contienen enlaces a sitios web de terceros (\u00abenlaces externos\u00bb). Estos sitios web est\u00e1n sujetos a la responsabilidad del correspondiente explotador. La empresa FisioBarna comprob\u00f3 la existencia de infracciones legales al vincular por primera vez los enlaces externos. En aquel momento no exist\u00edan infracciones legales. FisioBarna no influye ni en el dise\u00f1o actual y futuro, ni en los contenidos de los sitios web vinculados. La utilizaci\u00f3n de enlaces externos no significa que FisioBarna acepte el contenido que hay en la referencia o el enlace. La empresa FisioBarna no puede comprobar constantemente los enlaces externos si no hay un aviso concreto de infracci\u00f3n de la ley. En caso de infracciones legales, estos enlaces externos se eliminar\u00e1n de inmediato.<\/p><p>Fecha de la \u00faltima actualizaci\u00f3n: Marzo 2023<\/p><p>Lea tambi\u00e9n nuestras disposiciones sobre la\u00a0protecci\u00f3n de datos.<\/p>\t\t\t\t\t\t\t\t<\/div>\n\t\t\t\t<\/div>\n\t\t\t\t\t<\/div>\n\t\t<\/div>\n\t\t\t\t\t<\/div>\n\t\t<\/section>\n\t\t\t\t<\/div>","protected":false},"excerpt":{"rendered":"<p>Aviso Legal FisioBarna\u00a0 Titular: Liz Rengel Domicilio social: C\/Proven\u00e7a 115, Bajos \u2013 08029 \u2013 Barcelona Tel\u00e9fono: + 34 931 561 326 E-mail: info@fisiobarna.com\u00a0 Website: www.fisiobarna.com C.I.F: 54860135-Y Contacto por e-mail: info@fisiobarna.com Aviso sobre la disposici\u00f3n de resoluci\u00f3n de disputas online:De acuerdo con la ley vigente, FisioBarna. est\u00e1 obligada a informar a los consumidores sobre la [&hellip;]<\/p>\n","protected":false},"author":6,"featured_media":0,"parent":0,"menu_order":0,"comment_status":"closed","ping_status":"closed","template":"","meta":{"_acf_changed":false,"footnotes":""},"class_list":["post-843","page","type-page","status-publish","hentry"],"acf":[],"yoast_head":"<!-- This site is optimized with the Yoast SEO plugin v27.4 - https:\/\/yoast.com\/product\/yoast-seo-wordpress\/ -->\n<title>Aviso Legal - FisioBarna<\/title>\n<meta name=\"robots\" content=\"index, follow, max-snippet:-1, max-image-preview:large, max-video-preview:-1\" \/>\n<link rel=\"canonical\" href=\"https:\/\/fisiobarna.com\/ca\/aviso-legal\/\" \/>\n<meta property=\"og:locale\" content=\"ca_ES\" \/>\n<meta property=\"og:type\" content=\"article\" \/>\n<meta property=\"og:title\" content=\"Aviso Legal - FisioBarna\" \/>\n<meta property=\"og:description\" content=\"Aviso Legal FisioBarna\u00a0 Titular: Liz Rengel Domicilio social: C\/Proven\u00e7a 115, Bajos \u2013 08029 \u2013 Barcelona Tel\u00e9fono: + 34 931 561 326 E-mail: info@fisiobarna.com\u00a0 Website: www.fisiobarna.com C.I.F: 54860135-Y Contacto por e-mail: info@fisiobarna.com Aviso sobre la disposici\u00f3n de resoluci\u00f3n de disputas online:De acuerdo con la ley vigente, FisioBarna. est\u00e1 obligada a informar a los consumidores sobre la [&hellip;]\" \/>\n<meta property=\"og:url\" content=\"https:\/\/fisiobarna.com\/ca\/aviso-legal\/\" \/>\n<meta property=\"og:site_name\" content=\"FisioBarna\" \/>\n<meta property=\"article:modified_time\" content=\"2025-07-08T12:41:58+00:00\" \/>\n<meta name=\"twitter:card\" content=\"summary_large_image\" \/>\n<meta name=\"twitter:label1\" content=\"Temps estimat de lectura\" \/>\n\t<meta name=\"twitter:data1\" content=\"3 minuts\" \/>\n<script type=\"application\/ld+json\" class=\"yoast-schema-graph\">{\"@context\":\"https:\\\/\\\/schema.org\",\"@graph\":[{\"@type\":\"WebPage\",\"@id\":\"https:\\\/\\\/fisiobarna.com\\\/ca\\\/aviso-legal\\\/\",\"url\":\"https:\\\/\\\/fisiobarna.com\\\/ca\\\/aviso-legal\\\/\",\"name\":\"Aviso Legal - FisioBarna\",\"isPartOf\":{\"@id\":\"https:\\\/\\\/fisiobarna.com\\\/ca\\\/#website\"},\"datePublished\":\"2023-02-03T13:05:06+00:00\",\"dateModified\":\"2025-07-08T12:41:58+00:00\",\"breadcrumb\":{\"@id\":\"https:\\\/\\\/fisiobarna.com\\\/ca\\\/aviso-legal\\\/#breadcrumb\"},\"inLanguage\":\"ca\",\"potentialAction\":[{\"@type\":\"ReadAction\",\"target\":[\"https:\\\/\\\/fisiobarna.com\\\/ca\\\/aviso-legal\\\/\"]}]},{\"@type\":\"BreadcrumbList\",\"@id\":\"https:\\\/\\\/fisiobarna.com\\\/ca\\\/aviso-legal\\\/#breadcrumb\",\"itemListElement\":[{\"@type\":\"ListItem\",\"position\":1,\"name\":\"Portada\",\"item\":\"https:\\\/\\\/fisiobarna.com\\\/\"},{\"@type\":\"ListItem\",\"position\":2,\"name\":\"Aviso Legal\"}]},{\"@type\":\"WebSite\",\"@id\":\"https:\\\/\\\/fisiobarna.com\\\/ca\\\/#website\",\"url\":\"https:\\\/\\\/fisiobarna.com\\\/ca\\\/\",\"name\":\"Clinica de fisioterapia FisioBarna\",\"description\":\"Cl&iacute;nica de fisioterapia, osteopat&iacute;a y pilates en Barcelona\",\"publisher\":{\"@id\":\"https:\\\/\\\/fisiobarna.com\\\/ca\\\/#organization\"},\"alternateName\":\"FisioBarna\",\"potentialAction\":[{\"@type\":\"SearchAction\",\"target\":{\"@type\":\"EntryPoint\",\"urlTemplate\":\"https:\\\/\\\/fisiobarna.com\\\/ca\\\/?s={search_term_string}\"},\"query-input\":{\"@type\":\"PropertyValueSpecification\",\"valueRequired\":true,\"valueName\":\"search_term_string\"}}],\"inLanguage\":\"ca\"},{\"@type\":\"Organization\",\"@id\":\"https:\\\/\\\/fisiobarna.com\\\/ca\\\/#organization\",\"name\":\"Clinica de fisioterapia FisioBarna\",\"url\":\"https:\\\/\\\/fisiobarna.com\\\/ca\\\/\",\"logo\":{\"@type\":\"ImageObject\",\"inLanguage\":\"ca\",\"@id\":\"https:\\\/\\\/fisiobarna.com\\\/ca\\\/#\\\/schema\\\/logo\\\/image\\\/\",\"url\":\"https:\\\/\\\/fisiobarna.com\\\/wp-content\\\/uploads\\\/2023\\\/01\\\/FisioBarna-Logo-Fondo-transparente-1.png\",\"contentUrl\":\"https:\\\/\\\/fisiobarna.com\\\/wp-content\\\/uploads\\\/2023\\\/01\\\/FisioBarna-Logo-Fondo-transparente-1.png\",\"width\":1055,\"height\":373,\"caption\":\"Clinica de fisioterapia FisioBarna\"},\"image\":{\"@id\":\"https:\\\/\\\/fisiobarna.com\\\/ca\\\/#\\\/schema\\\/logo\\\/image\\\/\"}}]}<\/script>\n<!-- \/ Yoast SEO plugin. -->","yoast_head_json":{"title":"Aviso Legal - FisioBarna","robots":{"index":"index","follow":"follow","max-snippet":"max-snippet:-1","max-image-preview":"max-image-preview:large","max-video-preview":"max-video-preview:-1"},"canonical":"https:\/\/fisiobarna.com\/ca\/aviso-legal\/","og_locale":"ca_ES","og_type":"article","og_title":"Aviso Legal - FisioBarna","og_description":"Aviso Legal FisioBarna\u00a0 Titular: Liz Rengel Domicilio social: C\/Proven\u00e7a 115, Bajos \u2013 08029 \u2013 Barcelona Tel\u00e9fono: + 34 931 561 326 E-mail: info@fisiobarna.com\u00a0 Website: www.fisiobarna.com C.I.F: 54860135-Y Contacto por e-mail: info@fisiobarna.com Aviso sobre la disposici\u00f3n de resoluci\u00f3n de disputas online:De acuerdo con la ley vigente, FisioBarna. est\u00e1 obligada a informar a los consumidores sobre la [&hellip;]","og_url":"https:\/\/fisiobarna.com\/ca\/aviso-legal\/","og_site_name":"FisioBarna","article_modified_time":"2025-07-08T12:41:58+00:00","twitter_card":"summary_large_image","twitter_misc":{"Temps estimat de lectura":"3 minuts"},"schema":{"@context":"https:\/\/schema.org","@graph":[{"@type":"WebPage","@id":"https:\/\/fisiobarna.com\/ca\/aviso-legal\/","url":"https:\/\/fisiobarna.com\/ca\/aviso-legal\/","name":"Aviso Legal - FisioBarna","isPartOf":{"@id":"https:\/\/fisiobarna.com\/ca\/#website"},"datePublished":"2023-02-03T13:05:06+00:00","dateModified":"2025-07-08T12:41:58+00:00","breadcrumb":{"@id":"https:\/\/fisiobarna.com\/ca\/aviso-legal\/#breadcrumb"},"inLanguage":"ca","potentialAction":[{"@type":"ReadAction","target":["https:\/\/fisiobarna.com\/ca\/aviso-legal\/"]}]},{"@type":"BreadcrumbList","@id":"https:\/\/fisiobarna.com\/ca\/aviso-legal\/#breadcrumb","itemListElement":[{"@type":"ListItem","position":1,"name":"Portada","item":"https:\/\/fisiobarna.com\/"},{"@type":"ListItem","position":2,"name":"Aviso Legal"}]},{"@type":"WebSite","@id":"https:\/\/fisiobarna.com\/ca\/#website","url":"https:\/\/fisiobarna.com\/ca\/","name":"Clinica de fisioterapia FisioBarna","description":"Cl&iacute;nica de fisioterapia, osteopat&iacute;a y pilates en Barcelona","publisher":{"@id":"https:\/\/fisiobarna.com\/ca\/#organization"},"alternateName":"FisioBarna","potentialAction":[{"@type":"SearchAction","target":{"@type":"EntryPoint","urlTemplate":"https:\/\/fisiobarna.com\/ca\/?s={search_term_string}"},"query-input":{"@type":"PropertyValueSpecification","valueRequired":true,"valueName":"search_term_string"}}],"inLanguage":"ca"},{"@type":"Organization","@id":"https:\/\/fisiobarna.com\/ca\/#organization","name":"Clinica de fisioterapia FisioBarna","url":"https:\/\/fisiobarna.com\/ca\/","logo":{"@type":"ImageObject","inLanguage":"ca","@id":"https:\/\/fisiobarna.com\/ca\/#\/schema\/logo\/image\/","url":"https:\/\/fisiobarna.com\/wp-content\/uploads\/2023\/01\/FisioBarna-Logo-Fondo-transparente-1.png","contentUrl":"https:\/\/fisiobarna.com\/wp-content\/uploads\/2023\/01\/FisioBarna-Logo-Fondo-transparente-1.png","width":1055,"height":373,"caption":"Clinica de fisioterapia FisioBarna"},"image":{"@id":"https:\/\/fisiobarna.com\/ca\/#\/schema\/logo\/image\/"}}]}},"_links":{"self":[{"href":"https:\/\/fisiobarna.com\/ca\/wp-json\/wp\/v2\/pages\/843","targetHints":{"allow":["GET"]}}],"collection":[{"href":"https:\/\/fisiobarna.com\/ca\/wp-json\/wp\/v2\/pages"}],"about":[{"href":"https:\/\/fisiobarna.com\/ca\/wp-json\/wp\/v2\/types\/page"}],"author":[{"embeddable":true,"href":"https:\/\/fisiobarna.com\/ca\/wp-json\/wp\/v2\/users\/6"}],"replies":[{"embeddable":true,"href":"https:\/\/fisiobarna.com\/ca\/wp-json\/wp\/v2\/comments?post=843"}],"version-history":[{"count":9,"href":"https:\/\/fisiobarna.com\/ca\/wp-json\/wp\/v2\/pages\/843\/revisions"}],"predecessor-version":[{"id":2646,"href":"https:\/\/fisiobarna.com\/ca\/wp-json\/wp\/v2\/pages\/843\/revisions\/2646"}],"wp:attachment":[{"href":"https:\/\/fisiobarna.com\/ca\/wp-json\/wp\/v2\/media?parent=843"}],"curies":[{"name":"wp","href":"https:\/\/api.w.org\/{rel}","templated":true}]}}